{"id":380,"date":"2024-03-13T18:14:43","date_gmt":"2024-03-14T00:14:43","guid":{"rendered":"https:\/\/sukidaisushi.com\/?page_id=380"},"modified":"2025-04-16T13:44:52","modified_gmt":"2025-04-16T19:44:52","slug":"resenas-2","status":"publish","type":"page","link":"https:\/\/sukidaisushi.com\/index.php\/resenas-2\/","title":{"rendered":"Rese\u00f1as"},"content":{"rendered":"<p>[et_pb_section fb_built=\u00bb1&#8243; _builder_version=\u00bb4.24.2&#8243; _module_preset=\u00bbdefault\u00bb background_color=\u00bb#191919&#8243; background_image=\u00bbhttps:\/\/sukidaisushi.com\/wp-content\/uploads\/2024\/03\/blurverde-1.png\u00bb background_size=\u00bbcustom\u00bb background_image_width=\u00bb76%\u00bb background_image_height=\u00bb0%\u00bb background_position=\u00bbtop_right\u00bb background_horizontal_offset=\u00bb43%\u00bb background_vertical_offset=\u00bb49%\u00bb custom_padding=\u00bb150px||150px||false|false\u00bb global_colors_info=\u00bb{}\u00bb][et_pb_row _builder_version=\u00bb4.24.2&#8243; _module_preset=\u00bbdefault\u00bb custom_padding=\u00bb0px||0px||true|false\u00bb global_colors_info=\u00bb{}\u00bb][et_pb_column type=\u00bb4_4&#8243; _builder_version=\u00bb4.24.2&#8243; _module_preset=\u00bbdefault\u00bb global_colors_info=\u00bb{}\u00bb][et_pb_heading title=\u00bb\u00bfEn que sucursal quieres dejar tu opini\u00f3n?\u00bb admin_label=\u00bbsucursales\u00bb _builder_version=\u00bb4.26.0&#8243; _module_preset=\u00bbdefault\u00bb title_font=\u00bbMontserrat|700|||||||\u00bb title_text_align=\u00bbcenter\u00bb title_text_color=\u00bb#FFFFFF\u00bb title_font_size=\u00bb45px\u00bb transform_translate=\u00bb0px|-70px\u00bb transform_translate_linked=\u00bboff\u00bb custom_padding=\u00bb0px||0px||false|false\u00bb scroll_blur_enable=\u00bbon\u00bb scroll_blur=\u00bb0|10|90|100|10px|0px|10px\u00bb hover_enabled=\u00bb0&#8243; title_font_size_tablet=\u00bb65px\u00bb title_font_size_phone=\u00bb27px\u00bb title_font_size_last_edited=\u00bbon|phone\u00bb title_text_shadow_style=\u00bbpreset3&#8243; title_text_shadow_color=\u00bbrgba(255,255,255,0.62)\u00bb text_shadow_style=\u00bbpreset2&#8243; text_shadow_color=\u00bb#FFFFFF\u00bb global_colors_info=\u00bb{}\u00bb sticky_enabled=\u00bb0&#8243;][\/et_pb_heading][\/et_pb_column][\/et_pb_row][et_pb_row column_structure=\u00bb1_5,1_5,1_5,1_5,1_5&#8243; use_custom_gutter=\u00bbon\u00bb gutter_width=\u00bb2&#8243; make_equal=\u00bbon\u00bb module_class=\u00bbov-card-grid\u00bb _builder_version=\u00bb4.24.2&#8243; _module_preset=\u00bbdefault\u00bb z_index=\u00bb1&#8243; max_width=\u00bb1200px\u00bb custom_padding=\u00bb0px||0px||true|false\u00bb global_colors_info=\u00bb{}\u00bb][et_pb_column type=\u00bb1_5&#8243; _builder_version=\u00bb4.24.2&#8243; _module_preset=\u00bbdefault\u00bb global_colors_info=\u00bb{}\u00bb][et_pb_cta title=\u00bbRio Nilo\u00bb button_text=\u00bbClics\u00bb module_class=\u00bbov-card-blur\u00bb _builder_version=\u00bb4.24.2&#8243; _dynamic_attributes=\u00bblink_option_url\u00bb _module_preset=\u00bbdefault\u00bb header_font=\u00bbMontserrat|700|||||||\u00bb header_text_align=\u00bbleft\u00bb header_font_size=\u00bb24px\u00bb header_line_height=\u00bb1.4em\u00bb body_font=\u00bbMontserrat|600||on|||||\u00bb body_text_align=\u00bbleft\u00bb body_letter_spacing=\u00bb1px\u00bb background_enable_color=\u00bboff\u00bb use_background_color_gradient=\u00bbon\u00bb background_color_gradient_stops=\u00bbrgba(0,0,0,0) 69%|rgba(0,0,0,0.7) 100%\u00bb background_image=\u00bbhttps:\/\/sukidaisushi.com\/wp-content\/uploads\/2024\/03\/sushi-1.jpg\u00bb background_blend=\u00bboverlay\u00bb z_index=\u00bb2&#8243; height=\u00bb420px\u00bb custom_padding=\u00bb25px|25px|25px|25px|true|true\u00bb link_option_url=\u00bb@ET-DC@eyJkeW5hbWljIjp0cnVlLCJjb250ZW50IjoicG9zdF9saW5rX3VybF9wYWdlIiwic2V0dGluZ3MiOnsicG9zdF9pZCI6IjM3NCJ9fQ==@\u00bb scroll_blur=\u00bb0|30|90|100|3px|0px|10px\u00bb header_font_size_tablet=\u00bb24px\u00bb header_font_size_phone=\u00bb23px\u00bb header_font_size_last_edited=\u00bbon|desktop\u00bb custom_css_promo_description=\u00bbposition: absolute;||bottom: 5px;\u00bb header_text_shadow_style=\u00bbpreset1&#8243; body_text_shadow_style=\u00bbpreset1&#8243; border_radii=\u00bbon|25px|25px|25px|25px\u00bb box_shadow_style=\u00bbpreset6&#8243; box_shadow_color=\u00bbrgba(0,0,0,0)\u00bb global_colors_info=\u00bb{}\u00bb box_shadow_color__hover_enabled=\u00bbon|hover\u00bb box_shadow_color__hover=\u00bbrgba(0,0,0,0.71)\u00bb transform_styles__hover_enabled=\u00bbon|hover\u00bb transform_scale__hover_enabled=\u00bbon|hover\u00bb transform_translate__hover_enabled=\u00bbon|hover\u00bb transform_rotate__hover_enabled=\u00bbon|hover\u00bb transform_skew__hover_enabled=\u00bbon|hover\u00bb transform_origin__hover_enabled=\u00bbon|hover\u00bb transform_scale__hover=\u00bb107%|107%\u00bb]<\/p>\n<p><span>Av R\u00edo Nilo 2713<\/span><\/p>\n<p>[\/et_pb_cta][\/et_pb_column][et_pb_column type=\u00bb1_5&#8243; _builder_version=\u00bb4.24.2&#8243; _module_preset=\u00bbdefault\u00bb global_colors_info=\u00bb{}\u00bb][et_pb_cta title=\u00bbArtesanos\u00bb module_class=\u00bbov-card-blur\u00bb _builder_version=\u00bb4.24.2&#8243; _dynamic_attributes=\u00bblink_option_url\u00bb _module_preset=\u00bbdefault\u00bb header_font=\u00bbMontserrat|700|||||||\u00bb header_text_align=\u00bbleft\u00bb header_font_size=\u00bb24px\u00bb header_line_height=\u00bb1.4em\u00bb body_font=\u00bbMontserrat|600||on|||||\u00bb body_text_align=\u00bbleft\u00bb body_letter_spacing=\u00bb1px\u00bb background_enable_color=\u00bboff\u00bb use_background_color_gradient=\u00bbon\u00bb background_color_gradient_stops=\u00bbrgba(0,0,0,0) 69%|rgba(0,0,0,0.7) 100%\u00bb background_image=\u00bbhttps:\/\/sukidaisushi.com\/wp-content\/uploads\/2024\/03\/sushi-2.jpg\u00bb background_blend=\u00bboverlay\u00bb height=\u00bb420px\u00bb custom_padding=\u00bb25px|25px|25px|25px|true|true\u00bb link_option_url=\u00bb@ET-DC@eyJkeW5hbWljIjp0cnVlLCJjb250ZW50IjoicG9zdF9saW5rX3VybF9wYWdlIiwic2V0dGluZ3MiOnsicG9zdF9pZCI6IjM3MCJ9fQ==@\u00bb scroll_blur=\u00bb0|30|90|100|3px|0px|10px\u00bb header_font_size_tablet=\u00bb24px\u00bb header_font_size_phone=\u00bb23px\u00bb header_font_size_last_edited=\u00bbon|desktop\u00bb custom_css_promo_description=\u00bbposition: absolute;||bottom: 5px;\u00bb header_text_shadow_style=\u00bbpreset1&#8243; body_text_shadow_style=\u00bbpreset1&#8243; border_radii=\u00bbon|25px|25px|25px|25px\u00bb box_shadow_style=\u00bbpreset6&#8243; box_shadow_color=\u00bbrgba(0,0,0,0)\u00bb global_colors_info=\u00bb{}\u00bb box_shadow_color__hover_enabled=\u00bbon|hover\u00bb box_shadow_color__hover=\u00bbrgba(0,0,0,0.71)\u00bb transform_styles__hover_enabled=\u00bbon|hover\u00bb transform_scale__hover_enabled=\u00bbon|hover\u00bb transform_translate__hover_enabled=\u00bbon|hover\u00bb transform_rotate__hover_enabled=\u00bbon|hover\u00bb transform_skew__hover_enabled=\u00bbon|hover\u00bb transform_origin__hover_enabled=\u00bbon|hover\u00bb transform_scale__hover=\u00bb107%|107%\u00bb]<\/p>\n<p>AV Artesanos 1080<\/p>\n<p>[\/et_pb_cta][\/et_pb_column][et_pb_column type=\u00bb1_5&#8243; _builder_version=\u00bb4.24.2&#8243; _module_preset=\u00bbdefault\u00bb global_colors_info=\u00bb{}\u00bb][et_pb_cta title=\u00bbFilosofos\u00bb button_text=\u00bbClics\u00bb module_class=\u00bbov-card-blur\u00bb _builder_version=\u00bb4.24.2&#8243; _dynamic_attributes=\u00bblink_option_url\u00bb _module_preset=\u00bbdefault\u00bb header_font=\u00bbMontserrat|700|||||||\u00bb header_text_align=\u00bbleft\u00bb header_font_size=\u00bb24px\u00bb header_line_height=\u00bb1.4em\u00bb body_font=\u00bbMontserrat|600||on|||||\u00bb body_text_align=\u00bbleft\u00bb body_letter_spacing=\u00bb1px\u00bb background_enable_color=\u00bboff\u00bb use_background_color_gradient=\u00bbon\u00bb background_color_gradient_stops=\u00bbrgba(0,0,0,0) 69%|rgba(0,0,0,0.7) 100%\u00bb background_image=\u00bbhttps:\/\/sukidaisushi.com\/wp-content\/uploads\/2024\/03\/sushi-3.jpg\u00bb background_blend=\u00bboverlay\u00bb height=\u00bb420px\u00bb custom_padding=\u00bb25px|25px|25px|25px|true|true\u00bb link_option_url=\u00bb@ET-DC@eyJkeW5hbWljIjp0cnVlLCJjb250ZW50IjoicG9zdF9saW5rX3VybF9wYWdlIiwic2V0dGluZ3MiOnsicG9zdF9pZCI6IjMxNiJ9fQ==@\u00bb scroll_blur=\u00bb0|30|90|100|3px|0px|10px\u00bb header_font_size_tablet=\u00bb24px\u00bb header_font_size_phone=\u00bb23px\u00bb header_font_size_last_edited=\u00bbon|desktop\u00bb custom_css_promo_description=\u00bbposition: absolute;||bottom: 5px;\u00bb header_text_shadow_style=\u00bbpreset1&#8243; body_text_shadow_style=\u00bbpreset1&#8243; border_radii=\u00bbon|25px|25px|25px|25px\u00bb box_shadow_style=\u00bbpreset6&#8243; box_shadow_color=\u00bbrgba(0,0,0,0)\u00bb global_colors_info=\u00bb{}\u00bb box_shadow_color__hover_enabled=\u00bbon|hover\u00bb box_shadow_color__hover=\u00bbrgba(0,0,0,0.71)\u00bb transform_styles__hover_enabled=\u00bbon|hover\u00bb transform_scale__hover_enabled=\u00bbon|hover\u00bb transform_translate__hover_enabled=\u00bbon|hover\u00bb transform_rotate__hover_enabled=\u00bbon|hover\u00bb transform_skew__hover_enabled=\u00bbon|hover\u00bb transform_origin__hover_enabled=\u00bbon|hover\u00bb transform_scale__hover=\u00bb107%|107%\u00bb]<\/p>\n<p><span>C.P. de los Fil\u00f3sofos 1723<\/span><\/p>\n<p>[\/et_pb_cta][\/et_pb_column][et_pb_column type=\u00bb1_5&#8243; _builder_version=\u00bb4.24.2&#8243; _module_preset=\u00bbdefault\u00bb global_colors_info=\u00bb{}\u00bb][et_pb_cta title=\u00bbSanta Tere\u00bb button_text=\u00bbClics\u00bb module_class=\u00bbov-card-blur\u00bb _builder_version=\u00bb4.24.2&#8243; _dynamic_attributes=\u00bblink_option_url\u00bb _module_preset=\u00bbdefault\u00bb header_font=\u00bbMontserrat|700|||||||\u00bb header_text_align=\u00bbleft\u00bb header_font_size=\u00bb24px\u00bb header_line_height=\u00bb1.4em\u00bb body_font=\u00bbMontserrat|600||on|||||\u00bb body_text_align=\u00bbleft\u00bb body_letter_spacing=\u00bb1px\u00bb background_enable_color=\u00bboff\u00bb use_background_color_gradient=\u00bbon\u00bb background_color_gradient_stops=\u00bbrgba(0,0,0,0) 69%|rgba(0,0,0,0.7) 100%\u00bb background_image=\u00bbhttps:\/\/sukidaisushi.com\/wp-content\/uploads\/2024\/03\/sushi4.jpg\u00bb background_blend=\u00bboverlay\u00bb height=\u00bb420px\u00bb custom_padding=\u00bb25px|25px|25px|25px|true|true\u00bb link_option_url=\u00bb@ET-DC@eyJkeW5hbWljIjp0cnVlLCJjb250ZW50IjoicG9zdF9saW5rX3VybF9wYWdlIiwic2V0dGluZ3MiOnsicG9zdF9pZCI6IjM3NyJ9fQ==@\u00bb scroll_blur=\u00bb0|30|90|100|3px|0px|10px\u00bb header_font_size_tablet=\u00bb24px\u00bb header_font_size_phone=\u00bb23px\u00bb header_font_size_last_edited=\u00bbon|desktop\u00bb custom_css_promo_description=\u00bbposition: absolute;||bottom: 5px;\u00bb header_text_shadow_style=\u00bbpreset1&#8243; body_text_shadow_style=\u00bbpreset1&#8243; border_radii=\u00bbon|25px|25px|25px|25px\u00bb box_shadow_style=\u00bbpreset6&#8243; box_shadow_color=\u00bbrgba(0,0,0,0)\u00bb global_colors_info=\u00bb{}\u00bb box_shadow_color__hover_enabled=\u00bbon|hover\u00bb box_shadow_color__hover=\u00bbrgba(0,0,0,0.71)\u00bb transform_styles__hover_enabled=\u00bbon|hover\u00bb transform_scale__hover_enabled=\u00bbon|hover\u00bb transform_translate__hover_enabled=\u00bbon|hover\u00bb transform_rotate__hover_enabled=\u00bbon|hover\u00bb transform_skew__hover_enabled=\u00bbon|hover\u00bb transform_origin__hover_enabled=\u00bbon|hover\u00bb transform_scale__hover=\u00bb107%|107%\u00bb]<\/p>\n<p><span>C. Andr\u00e9s Ter\u00e1n 422<\/span><\/p>\n<p>[\/et_pb_cta][\/et_pb_column][et_pb_column _builder_version=\u00bb4.26.0&#8243; _module_preset=\u00bbdefault\u00bb type=\u00bb1_5&#8243;][et_pb_cta title=\u00bbLa Seattle\u00bb button_text=\u00bbClics\u00bb module_class=\u00bbov-card-blur\u00bb _builder_version=\u00bb4.26.0&#8243; _dynamic_attributes=\u00bblink_option_url\u00bb _module_preset=\u00bbdefault\u00bb header_font=\u00bbMontserrat|700|||||||\u00bb header_text_align=\u00bbleft\u00bb header_font_size=\u00bb24px\u00bb header_line_height=\u00bb1.4em\u00bb body_font=\u00bbMontserrat|600||on|||||\u00bb body_text_align=\u00bbleft\u00bb body_letter_spacing=\u00bb1px\u00bb background_enable_color=\u00bboff\u00bb use_background_color_gradient=\u00bbon\u00bb background_color_gradient_stops=\u00bbrgba(0,0,0,0) 69%|rgba(0,0,0,0.7) 100%\u00bb background_image=\u00bbhttps:\/\/sukidaisushi.com\/wp-content\/uploads\/2024\/09\/IMG_7919-1-scaled.jpg\u00bb background_blend=\u00bboverlay\u00bb height=\u00bb420px\u00bb custom_padding=\u00bb25px|25px|25px|25px|true|true\u00bb link_option_url=\u00bb@ET-DC@eyJkeW5hbWljIjp0cnVlLCJjb250ZW50IjoicG9zdF9saW5rX3VybF9wYWdlIiwic2V0dGluZ3MiOnsicG9zdF9pZCI6IjM3NyJ9fQ==@\u00bb scroll_blur=\u00bb0|30|90|100|3px|0px|10px\u00bb hover_enabled=\u00bb0&#8243; header_font_size_tablet=\u00bb24px\u00bb header_font_size_phone=\u00bb23px\u00bb header_font_size_last_edited=\u00bbon|desktop\u00bb custom_css_promo_description=\u00bbposition: absolute;||bottom: 5px;\u00bb header_text_shadow_style=\u00bbpreset1&#8243; body_text_shadow_style=\u00bbpreset1&#8243; border_radii=\u00bbon|25px|25px|25px|25px\u00bb box_shadow_style=\u00bbpreset6&#8243; box_shadow_color=\u00bbrgba(0,0,0,0)\u00bb global_colors_info=\u00bb{}\u00bb box_shadow_color__hover_enabled=\u00bbon|hover\u00bb box_shadow_color__hover=\u00bbrgba(0,0,0,0.71)\u00bb transform_styles__hover_enabled=\u00bbon|hover\u00bb transform_scale__hover_enabled=\u00bbon|hover\u00bb transform_translate__hover_enabled=\u00bbon|hover\u00bb transform_rotate__hover_enabled=\u00bbon|hover\u00bb transform_skew__hover_enabled=\u00bbon|hover\u00bb transform_origin__hover_enabled=\u00bbon|hover\u00bb transform_scale__hover=\u00bb107%|107%\u00bb sticky_enabled=\u00bb0&#8243; title_text=\u00bbIMG_7919 (1)\u00bb]<\/p>\n<p><span>C. Andr\u00e9s Ter\u00e1n 422<\/span><\/p>\n<p>[\/et_pb_cta][\/et_pb_column][\/et_pb_row][\/et_pb_section][et_pb_section fb_built=\u00bb1&#8243; disabled_on=\u00bbon|on|off\u00bb _builder_version=\u00bb4.24.2&#8243; _module_preset=\u00bbdefault\u00bb background_color=\u00bb#191919&#8243; custom_padding=\u00bb0px||0px||true|false\u00bb global_colors_info=\u00bb{}\u00bb][et_pb_row column_structure=\u00bb1_2,1_2&#8243; disabled_on=\u00bbon|on|off\u00bb _builder_version=\u00bb4.24.2&#8243; _module_preset=\u00bbdefault\u00bb positioning=\u00bbnone\u00bb width=\u00bb100%\u00bb max_width=\u00bb100%\u00bb global_colors_info=\u00bb{}\u00bb][et_pb_column type=\u00bb1_2&#8243; _builder_version=\u00bb4.24.2&#8243; _module_preset=\u00bbdefault\u00bb global_colors_info=\u00bb{}\u00bb][et_pb_image src=\u00bbhttps:\/\/sukidaisushi.com\/wp-content\/uploads\/2024\/03\/Diseno-sin-titulo-1-1.svg\u00bb title_text=\u00bbDise\u00f1o sin t\u00edtulo (1)\u00bb _builder_version=\u00bb4.24.2&#8243; _module_preset=\u00bbdefault\u00bb z_index=\u00bb-1&#8243; width=\u00bb100%\u00bb scroll_horizontal_motion_enable=\u00bbon\u00bb scroll_horizontal_motion=\u00bb0|58|58|100|-7|0|0.5&#8243; scroll_blur_enable=\u00bbon\u00bb scroll_blur=\u00bb0|65|90|100|0px|0px|10px\u00bb global_colors_info=\u00bb{}\u00bb][\/et_pb_image][\/et_pb_column][et_pb_column type=\u00bb1_2&#8243; _builder_version=\u00bb4.24.2&#8243; _module_preset=\u00bbdefault\u00bb global_colors_info=\u00bb{}\u00bb][et_pb_image src=\u00bbhttps:\/\/sukidaisushi.com\/wp-content\/uploads\/2024\/03\/Diseno-sin-titulo-1.svg\u00bb title_text=\u00bbDise\u00f1o sin t\u00edtulo\u00bb align=\u00bbright\u00bb _builder_version=\u00bb4.24.2&#8243; _module_preset=\u00bbdefault\u00bb position_origin_a=\u00bbtop_right\u00bb z_index=\u00bb-1&#8243; width=\u00bb100%\u00bb scroll_horizontal_motion_enable=\u00bbon\u00bb scroll_horizontal_motion=\u00bb0|69|69|100|5|0|-2&#8243; scroll_blur_enable=\u00bbon\u00bb scroll_blur=\u00bb0|50|87|100|0px|0px|10px\u00bb global_colors_info=\u00bb{}\u00bb][\/et_pb_image][\/et_pb_column][\/et_pb_row][et_pb_row _builder_version=\u00bb4.24.2&#8243; _module_preset=\u00bbdefault\u00bb positioning=\u00bbabsolute\u00bb position_origin_a=\u00bbtop_center\u00bb global_colors_info=\u00bb{}\u00bb][et_pb_column type=\u00bb4_4&#8243; _builder_version=\u00bb4.24.2&#8243; _module_preset=\u00bbdefault\u00bb global_colors_info=\u00bb{}\u00bb][et_pb_heading title=\u00bbContacto\u00bb _builder_version=\u00bb4.24.2&#8243; _module_preset=\u00bbdefault\u00bb title_font=\u00bbMontserrat|700|||||||\u00bb title_text_align=\u00bbcenter\u00bb title_text_color=\u00bb#FFFFFF\u00bb title_font_size=\u00bb58px\u00bb text_shadow_style=\u00bbpreset1&#8243; text_shadow_vertical_length=\u00bb0em\u00bb text_shadow_blur_strength=\u00bb0.21em\u00bb text_shadow_color=\u00bbrgba(255,255,255,0.56)\u00bb global_colors_info=\u00bb{}\u00bb][\/et_pb_heading][et_pb_heading title=\u00bbEmail\u00bb _builder_version=\u00bb4.24.2&#8243; _module_preset=\u00bbdefault\u00bb title_font=\u00bbMontserrat|600|||||||\u00bb title_text_align=\u00bbcenter\u00bb title_text_color=\u00bb#aae597&#8243; min_height=\u00bb27px\u00bb custom_margin=\u00bb||1px|||\u00bb custom_padding=\u00bb0px||0px||true|false\u00bb global_colors_info=\u00bb{}\u00bb][\/et_pb_heading][et_pb_heading title=\u00bbSukidaisushigdl@outlook.com \u00bb _builder_version=\u00bb4.24.2&#8243; _module_preset=\u00bbdefault\u00bb title_font=\u00bbMontserrat|500|||||||\u00bb title_text_align=\u00bbcenter\u00bb title_text_color=\u00bb#FFFFFF\u00bb title_font_size=\u00bb20px\u00bb global_colors_info=\u00bb{}\u00bb][\/et_pb_heading][et_pb_heading title=\u00bbTelefono\u00bb _builder_version=\u00bb4.24.2&#8243; _module_preset=\u00bbdefault\u00bb title_font=\u00bbMontserrat|600|||||||\u00bb title_text_align=\u00bbcenter\u00bb title_text_color=\u00bb#aae597&#8243; min_height=\u00bb19px\u00bb custom_margin=\u00bb||1px|||\u00bb custom_padding=\u00bb||0px|||\u00bb global_colors_info=\u00bb{}\u00bb][\/et_pb_heading][et_pb_heading title=\u00bb+52 33 3146 0944&#8243; _builder_version=\u00bb4.24.2&#8243; _module_preset=\u00bbdefault\u00bb title_font=\u00bbMontserrat|500|||||||\u00bb title_text_align=\u00bbcenter\u00bb title_text_color=\u00bb#FFFFFF\u00bb title_font_size=\u00bb20px\u00bb global_colors_info=\u00bb{}\u00bb][\/et_pb_heading][et_pb_heading title=\u00bbHorario\u00bb _builder_version=\u00bb4.24.2&#8243; _module_preset=\u00bbdefault\u00bb title_font=\u00bbMontserrat|600|||||||\u00bb title_text_align=\u00bbcenter\u00bb title_text_color=\u00bb#aae597&#8243; custom_margin=\u00bb||-1px|||\u00bb global_colors_info=\u00bb{}\u00bb][\/et_pb_heading][et_pb_heading title=\u00bb1:00pm a 9:00pm\u00bb _builder_version=\u00bb4.24.2&#8243; _module_preset=\u00bbdefault\u00bb title_font=\u00bbMontserrat|500|||||||\u00bb title_text_align=\u00bbcenter\u00bb title_text_color=\u00bb#FFFFFF\u00bb title_font_size=\u00bb20px\u00bb global_colors_info=\u00bb{}\u00bb][\/et_pb_heading][\/et_pb_column][\/et_pb_row][\/et_pb_section]<\/p>\n","protected":false},"excerpt":{"rendered":"<p>Av R\u00edo Nilo 2713AV Artesanos 1080C.P. de los Fil\u00f3sofos 1723C. Andr\u00e9s Ter\u00e1n 422C. Andr\u00e9s Ter\u00e1n 422<\/p>\n","protected":false},"author":1,"featured_media":0,"parent":0,"menu_order":0,"comment_status":"closed","ping_status":"closed","template":"","meta":{"_et_pb_use_builder":"on","_et_pb_old_content":"","_et_gb_content_width":"","inline_featured_image":false,"footnotes":""},"class_list":["post-380","page","type-page","status-publish","hentry"],"yoast_head":"<!-- This site is optimized with the Yoast SEO plugin v23.0 - https:\/\/yoast.com\/wordpress\/plugins\/seo\/ -->\n<title>Rese\u00f1as - Sukidai Sushi<\/title>\n<meta name=\"robots\" content=\"index, follow, max-snippet:-1, max-image-preview:large, max-video-preview:-1\" \/>\n<link rel=\"canonical\" href=\"https:\/\/sukidaisushi.com\/index.php\/resenas-2\/\" \/>\n<meta property=\"og:locale\" content=\"es_ES\" \/>\n<meta property=\"og:type\" content=\"article\" \/>\n<meta property=\"og:title\" content=\"Rese\u00f1as - Sukidai Sushi\" \/>\n<meta property=\"og:description\" content=\"Av R\u00edo Nilo 2713AV Artesanos 1080C.P. de los Fil\u00f3sofos 1723C. Andr\u00e9s Ter\u00e1n 422C. Andr\u00e9s Ter\u00e1n 422\" \/>\n<meta property=\"og:url\" content=\"https:\/\/sukidaisushi.com\/index.php\/resenas-2\/\" \/>\n<meta property=\"og:site_name\" content=\"Sukidai Sushi\" \/>\n<meta property=\"article:publisher\" content=\"https:\/\/www.facebook.com\/SukiDaigdl\" \/>\n<meta property=\"article:modified_time\" content=\"2025-04-16T19:44:52+00:00\" \/>\n<meta property=\"og:image\" content=\"https:\/\/sukidaisushi.com\/wp-content\/uploads\/2024\/03\/cropped-image-removebg-preview-40.png\" \/>\n\t<meta property=\"og:image:width\" content=\"512\" \/>\n\t<meta property=\"og:image:height\" content=\"512\" \/>\n\t<meta property=\"og:image:type\" content=\"image\/png\" \/>\n<meta name=\"twitter:card\" content=\"summary_large_image\" \/>\n<meta name=\"twitter:label1\" content=\"Tiempo de lectura\" \/>\n\t<meta name=\"twitter:data1\" content=\"10 minutos\" \/>\n<script type=\"application\/ld+json\" class=\"yoast-schema-graph\">{\"@context\":\"https:\/\/schema.org\",\"@graph\":[{\"@type\":\"WebPage\",\"@id\":\"https:\/\/sukidaisushi.com\/index.php\/resenas-2\/\",\"url\":\"https:\/\/sukidaisushi.com\/index.php\/resenas-2\/\",\"name\":\"Rese\u00f1as - Sukidai Sushi\",\"isPartOf\":{\"@id\":\"https:\/\/sukidaisushi.com\/#website\"},\"datePublished\":\"2024-03-14T00:14:43+00:00\",\"dateModified\":\"2025-04-16T19:44:52+00:00\",\"breadcrumb\":{\"@id\":\"https:\/\/sukidaisushi.com\/index.php\/resenas-2\/#breadcrumb\"},\"inLanguage\":\"es\",\"potentialAction\":[{\"@type\":\"ReadAction\",\"target\":[\"https:\/\/sukidaisushi.com\/index.php\/resenas-2\/\"]}]},{\"@type\":\"BreadcrumbList\",\"@id\":\"https:\/\/sukidaisushi.com\/index.php\/resenas-2\/#breadcrumb\",\"itemListElement\":[{\"@type\":\"ListItem\",\"position\":1,\"name\":\"Portada\",\"item\":\"https:\/\/sukidaisushi.com\/\"},{\"@type\":\"ListItem\",\"position\":2,\"name\":\"Rese\u00f1as\"}]},{\"@type\":\"WebSite\",\"@id\":\"https:\/\/sukidaisushi.com\/#website\",\"url\":\"https:\/\/sukidaisushi.com\/\",\"name\":\"Sukidai Sushi\",\"description\":\"Calidad de Primera. En Sukidai, te garantizamos alimentos de primera calidad en cada elecci\u00f3n del men\u00fa. Sabores frescos y excepcionales en cada bocado.\",\"publisher\":{\"@id\":\"https:\/\/sukidaisushi.com\/#organization\"},\"alternateName\":\"Sukidai Sushi\",\"potentialAction\":[{\"@type\":\"SearchAction\",\"target\":{\"@type\":\"EntryPoint\",\"urlTemplate\":\"https:\/\/sukidaisushi.com\/?s={search_term_string}\"},\"query-input\":\"required name=search_term_string\"}],\"inLanguage\":\"es\"},{\"@type\":\"Organization\",\"@id\":\"https:\/\/sukidaisushi.com\/#organization\",\"name\":\"sukidaisushi.com\",\"url\":\"https:\/\/sukidaisushi.com\/\",\"logo\":{\"@type\":\"ImageObject\",\"inLanguage\":\"es\",\"@id\":\"https:\/\/sukidaisushi.com\/#\/schema\/logo\/image\/\",\"url\":\"https:\/\/sukidaisushi.com\/wp-content\/uploads\/2024\/03\/cropped-image-removebg-preview-40.png\",\"contentUrl\":\"https:\/\/sukidaisushi.com\/wp-content\/uploads\/2024\/03\/cropped-image-removebg-preview-40.png\",\"width\":512,\"height\":512,\"caption\":\"sukidaisushi.com\"},\"image\":{\"@id\":\"https:\/\/sukidaisushi.com\/#\/schema\/logo\/image\/\"},\"sameAs\":[\"https:\/\/www.facebook.com\/SukiDaigdl\"]}]}<\/script>\n<!-- \/ Yoast SEO plugin. -->","yoast_head_json":{"title":"Rese\u00f1as - Sukidai Sushi","robots":{"index":"index","follow":"follow","max-snippet":"max-snippet:-1","max-image-preview":"max-image-preview:large","max-video-preview":"max-video-preview:-1"},"canonical":"https:\/\/sukidaisushi.com\/index.php\/resenas-2\/","og_locale":"es_ES","og_type":"article","og_title":"Rese\u00f1as - Sukidai Sushi","og_description":"Av R\u00edo Nilo 2713AV Artesanos 1080C.P. de los Fil\u00f3sofos 1723C. Andr\u00e9s Ter\u00e1n 422C. Andr\u00e9s Ter\u00e1n 422","og_url":"https:\/\/sukidaisushi.com\/index.php\/resenas-2\/","og_site_name":"Sukidai Sushi","article_publisher":"https:\/\/www.facebook.com\/SukiDaigdl","article_modified_time":"2025-04-16T19:44:52+00:00","og_image":[{"width":512,"height":512,"url":"https:\/\/sukidaisushi.com\/wp-content\/uploads\/2024\/03\/cropped-image-removebg-preview-40.png","type":"image\/png"}],"twitter_card":"summary_large_image","twitter_misc":{"Tiempo de lectura":"10 minutos"},"schema":{"@context":"https:\/\/schema.org","@graph":[{"@type":"WebPage","@id":"https:\/\/sukidaisushi.com\/index.php\/resenas-2\/","url":"https:\/\/sukidaisushi.com\/index.php\/resenas-2\/","name":"Rese\u00f1as - Sukidai Sushi","isPartOf":{"@id":"https:\/\/sukidaisushi.com\/#website"},"datePublished":"2024-03-14T00:14:43+00:00","dateModified":"2025-04-16T19:44:52+00:00","breadcrumb":{"@id":"https:\/\/sukidaisushi.com\/index.php\/resenas-2\/#breadcrumb"},"inLanguage":"es","potentialAction":[{"@type":"ReadAction","target":["https:\/\/sukidaisushi.com\/index.php\/resenas-2\/"]}]},{"@type":"BreadcrumbList","@id":"https:\/\/sukidaisushi.com\/index.php\/resenas-2\/#breadcrumb","itemListElement":[{"@type":"ListItem","position":1,"name":"Portada","item":"https:\/\/sukidaisushi.com\/"},{"@type":"ListItem","position":2,"name":"Rese\u00f1as"}]},{"@type":"WebSite","@id":"https:\/\/sukidaisushi.com\/#website","url":"https:\/\/sukidaisushi.com\/","name":"Sukidai Sushi","description":"Calidad de Primera. En Sukidai, te garantizamos alimentos de primera calidad en cada elecci\u00f3n del men\u00fa. Sabores frescos y excepcionales en cada bocado.","publisher":{"@id":"https:\/\/sukidaisushi.com\/#organization"},"alternateName":"Sukidai Sushi","potentialAction":[{"@type":"SearchAction","target":{"@type":"EntryPoint","urlTemplate":"https:\/\/sukidaisushi.com\/?s={search_term_string}"},"query-input":"required name=search_term_string"}],"inLanguage":"es"},{"@type":"Organization","@id":"https:\/\/sukidaisushi.com\/#organization","name":"sukidaisushi.com","url":"https:\/\/sukidaisushi.com\/","logo":{"@type":"ImageObject","inLanguage":"es","@id":"https:\/\/sukidaisushi.com\/#\/schema\/logo\/image\/","url":"https:\/\/sukidaisushi.com\/wp-content\/uploads\/2024\/03\/cropped-image-removebg-preview-40.png","contentUrl":"https:\/\/sukidaisushi.com\/wp-content\/uploads\/2024\/03\/cropped-image-removebg-preview-40.png","width":512,"height":512,"caption":"sukidaisushi.com"},"image":{"@id":"https:\/\/sukidaisushi.com\/#\/schema\/logo\/image\/"},"sameAs":["https:\/\/www.facebook.com\/SukiDaigdl"]}]}},"_links":{"self":[{"href":"https:\/\/sukidaisushi.com\/index.php\/wp-json\/wp\/v2\/pages\/380","targetHints":{"allow":["GET"]}}],"collection":[{"href":"https:\/\/sukidaisushi.com\/index.php\/wp-json\/wp\/v2\/pages"}],"about":[{"href":"https:\/\/sukidaisushi.com\/index.php\/wp-json\/wp\/v2\/types\/page"}],"author":[{"embeddable":true,"href":"https:\/\/sukidaisushi.com\/index.php\/wp-json\/wp\/v2\/users\/1"}],"replies":[{"embeddable":true,"href":"https:\/\/sukidaisushi.com\/index.php\/wp-json\/wp\/v2\/comments?post=380"}],"version-history":[{"count":8,"href":"https:\/\/sukidaisushi.com\/index.php\/wp-json\/wp\/v2\/pages\/380\/revisions"}],"predecessor-version":[{"id":544,"href":"https:\/\/sukidaisushi.com\/index.php\/wp-json\/wp\/v2\/pages\/380\/revisions\/544"}],"wp:attachment":[{"href":"https:\/\/sukidaisushi.com\/index.php\/wp-json\/wp\/v2\/media?parent=380"}],"curies":[{"name":"wp","href":"https:\/\/api.w.org\/{rel}","templated":true}]}}